{"id":10,"date":"2018-09-16T11:07:06","date_gmt":"2018-09-16T11:07:06","guid":{"rendered":"https:\/\/actionart.es\/web2018\/?page_id=10"},"modified":"2026-01-19T19:28:02","modified_gmt":"2026-01-19T19:28:02","slug":"cursos-especiales-2","status":"publish","type":"page","link":"https:\/\/actionart.es\/web2018\/cursos-especiales-2\/","title":{"rendered":"Cursos Especiales"},"content":{"rendered":"<div id=\"pl-10\"  class=\"panel-layout\" ><div id=\"pg-10-0\"  class=\"panel-grid panel-no-style\" ><div id=\"pgc-10-0-0\"  class=\"panel-grid-cell\" ><div id=\"panel-10-0-0-0\" class=\"so-panel widget widget_sow-image panel-first-child panel-last-child\" data-index=\"0\" ><div\n\t\t\t\n\t\t\tclass=\"so-widget-sow-image so-widget-sow-image-default-c67d20f9f743-10\"\n\t\t\t\n\t\t>\n<div class=\"sow-image-container\">\n\t\t<img \n\tsrc=\"https:\/\/actionart.es\/web2018\/wp-content\/uploads\/2025\/12\/portada-cursos-especiales-action-art-europe-scaled.webp\" width=\"2560\" height=\"698\" srcset=\"https:\/\/actionart.es\/web2018\/wp-content\/uploads\/2025\/12\/portada-cursos-especiales-action-art-europe-scaled.webp 2560w, https:\/\/actionart.es\/web2018\/wp-content\/uploads\/2025\/12\/portada-cursos-especiales-action-art-europe-300x82.webp 300w, https:\/\/actionart.es\/web2018\/wp-content\/uploads\/2025\/12\/portada-cursos-especiales-action-art-europe-1024x279.webp 1024w, https:\/\/actionart.es\/web2018\/wp-content\/uploads\/2025\/12\/portada-cursos-especiales-action-art-europe-768x209.webp 768w, https:\/\/actionart.es\/web2018\/wp-content\/uploads\/2025\/12\/portada-cursos-especiales-action-art-europe-1536x419.webp 1536w, https:\/\/actionart.es\/web2018\/wp-content\/uploads\/2025\/12\/portada-cursos-especiales-action-art-europe-2048x558.webp 2048w, https:\/\/actionart.es\/web2018\/wp-content\/uploads\/2025\/12\/portada-cursos-especiales-action-art-europe-690x188.webp 690w, https:\/\/actionart.es\/web2018\/wp-content\/uploads\/2025\/12\/portada-cursos-especiales-action-art-europe-980x267.webp 980w\" sizes=\"(max-width: 2560px) 100vw, 2560px\" title=\"portada cursos especiales action art europe\" alt=\"\" \t\tclass=\"so-widget-image\"\/>\n\t<\/div>\n\n<\/div><\/div><\/div><\/div><div id=\"pg-10-1\"  class=\"panel-grid panel-no-style\" ><div id=\"pgc-10-1-0\"  class=\"panel-grid-cell\" ><div id=\"panel-10-1-0-0\" class=\"so-panel widget widget_text panel-first-child panel-last-child\" data-index=\"1\" >\t\t\t<div class=\"textwidget\"><p><em>Los cursos especiales de Pintura son aquellos que por sus temas o t\u00e9cnicas, merecen un estudio m\u00e1s dedicado y espec\u00edfico.\u00a0 Soportes nuevos, innovadoras t\u00e9cnicas, aplicaciones diferentes y curiosos trucos y t\u00e9cnicas de Pintura que nos ayudan a completar y ver evolucionar nuestros conocimientos de arte, o simplemente nos abren una nueva manera de disfrutar aprendiendo lo que m\u00e1s nos gusta.\u00a0 Todos los cursos especiales, al igual que los cursos regulares que ofrecemos, disponen de los mismos horarios, y pueden iniciarse a gusto del participantes, en horarios c\u00f3modos y flexibles con atenci\u00f3n personalizada e instrucci\u00f3n individual.<\/em><\/p>\n<\/div>\n\t\t<\/div><\/div><\/div><div id=\"pg-10-2\"  class=\"panel-grid panel-no-style\" ><div id=\"pgc-10-2-0\"  class=\"panel-grid-cell\" ><div id=\"panel-10-2-0-0\" class=\"so-panel widget widget_text panel-first-child panel-last-child\" data-index=\"2\" ><div class=\"so-rounded panel-widget-style panel-widget-style-for-10-2-0-0\" ><h3 class=\"widget-title\">CURSO DE PINTURA AL \u00d3LEO: OBJETOS BRILLANTES<\/h3>\t\t\t<div class=\"textwidget\"><p><strong>Objetivos:<\/strong> Aprender la t\u00e9cnica de Pintura al \u00d3leo aplicada a lograr los efectos met\u00e1licos: Dorado, plateado, cobre y bronce.<br \/>\n<strong>Tiempo:<\/strong> 16 horas.<br \/>\n<strong>C\u00e1tedra:<\/strong> Ejercicios pr\u00e1cticos al \u00f3leo donde cada efecto met\u00e1lico tiene sus propios colores y su manera de resolverse.<br \/>\n<strong>Materiales:<\/strong> incluidos.<br \/>\n<strong>Promoci\u00f3n:\u00a0 \u20ac 192 <\/strong><\/p>\n<p><strong>Informaci\u00f3n:<\/strong> 934107422\/ 687 359 356<\/p>\n<p><a href=\"https:\/\/www.youtube.com\/watch?v=L4B6CjAn77A\">PUEDES VER V\u00cdDEO DEMO AQU\u00cd<\/a><\/p>\n<p>&nbsp;<\/p>\n<\/div>\n\t\t<\/div><\/div><\/div><div id=\"pgc-10-2-1\"  class=\"panel-grid-cell\" ><div id=\"panel-10-2-1-0\" class=\"so-panel widget widget_sow-image panel-first-child\" data-index=\"3\" ><div\n\t\t\t\n\t\t\tclass=\"so-widget-sow-image so-widget-sow-image-default-4e6925654b7a-10\"\n\t\t\t\n\t\t>\n<div class=\"sow-image-container\">\n\t\t<img \n\tsrc=\"https:\/\/actionart.es\/web2018\/wp-content\/uploads\/2025\/12\/pintura-al-oleo-curso-personalizado.webp\" width=\"768\" height=\"570\" srcset=\"https:\/\/actionart.es\/web2018\/wp-content\/uploads\/2025\/12\/pintura-al-oleo-curso-personalizado.webp 768w, https:\/\/actionart.es\/web2018\/wp-content\/uploads\/2025\/12\/pintura-al-oleo-curso-personalizado-300x223.webp 300w, https:\/\/actionart.es\/web2018\/wp-content\/uploads\/2025\/12\/pintura-al-oleo-curso-personalizado-690x512.webp 690w\" sizes=\"(max-width: 768px) 100vw, 768px\" title=\"pintura al \u00f3leo curso personalizado\" alt=\"\" \t\tclass=\"so-widget-image\"\/>\n\t<\/div>\n\n<\/div><\/div><div id=\"panel-10-2-1-1\" class=\"so-panel widget widget_sow-image panel-last-child\" data-index=\"4\" ><div\n\t\t\t\n\t\t\tclass=\"so-widget-sow-image so-widget-sow-image-default-4e6925654b7a-10\"\n\t\t\t\n\t\t>\n<div class=\"sow-image-container\">\n\t\t<img \n\tsrc=\"https:\/\/actionart.es\/web2018\/wp-content\/uploads\/2025\/12\/cursos-especiales-objetos-brillantes-en-Barcelona.jpg\" width=\"768\" height=\"303\" srcset=\"https:\/\/actionart.es\/web2018\/wp-content\/uploads\/2025\/12\/cursos-especiales-objetos-brillantes-en-Barcelona.jpg 768w, https:\/\/actionart.es\/web2018\/wp-content\/uploads\/2025\/12\/cursos-especiales-objetos-brillantes-en-Barcelona-300x118.jpg 300w, https:\/\/actionart.es\/web2018\/wp-content\/uploads\/2025\/12\/cursos-especiales-objetos-brillantes-en-Barcelona-690x272.jpg 690w\" sizes=\"(max-width: 768px) 100vw, 768px\" title=\"cursos especiales objetos brillantes en Barcelona\" alt=\"\" \t\tclass=\"so-widget-image\"\/>\n\t<\/div>\n\n<\/div><\/div><\/div><\/div><div id=\"pg-10-3\"  class=\"panel-grid panel-no-style\" ><div id=\"pgc-10-3-0\"  class=\"panel-grid-cell panel-grid-cell-empty\" ><\/div><\/div><div id=\"pg-10-4\"  class=\"panel-grid panel-no-style\" ><div id=\"pgc-10-4-0\"  class=\"panel-grid-cell\" ><div id=\"panel-10-4-0-0\" class=\"so-panel widget widget_text panel-first-child panel-last-child\" data-index=\"5\" ><div class=\"panel-widget-style panel-widget-style-for-10-4-0-0\" ><h3 class=\"widget-title\">CURSO DE PINTURA AL PASTEL: RETRATO DE MASCOTAS<\/h3>\t\t\t<div class=\"textwidget\"><p><strong>Objetivos:<\/strong> Aprender la t\u00e9cnica de Pintura al Pastel aplicada al retrato de tu mascota.<br \/>\n<strong>Tiempo:<\/strong> 24 horas.<br \/>\n<strong>C\u00e1tedra:<\/strong> 1 trabajo realista al Pastel de tu mascota.<br \/>\n<strong>Materiales:<\/strong> incluidos.<br \/>\n<strong>Costos:<\/strong> \u20ac 255 contado<\/p>\n<p><strong>Informaci\u00f3n:<\/strong> 934107422\/ 687 359 356<\/p>\n<\/div>\n\t\t<\/div><\/div><\/div><div id=\"pgc-10-4-1\"  class=\"panel-grid-cell\" ><div id=\"panel-10-4-1-0\" class=\"so-panel widget widget_sow-image panel-first-child panel-last-child\" data-index=\"6\" ><div\n\t\t\t\n\t\t\tclass=\"so-widget-sow-image so-widget-sow-image-default-4e6925654b7a-10\"\n\t\t\t\n\t\t>\n<div class=\"sow-image-container\">\n\t\t<img \n\tsrc=\"https:\/\/actionart.es\/web2018\/wp-content\/uploads\/2025\/12\/curso-pintura-al-pastel-retrato-de-mascotas.webp\" width=\"768\" height=\"1022\" srcset=\"https:\/\/actionart.es\/web2018\/wp-content\/uploads\/2025\/12\/curso-pintura-al-pastel-retrato-de-mascotas.webp 768w, https:\/\/actionart.es\/web2018\/wp-content\/uploads\/2025\/12\/curso-pintura-al-pastel-retrato-de-mascotas-225x300.webp 225w, https:\/\/actionart.es\/web2018\/wp-content\/uploads\/2025\/12\/curso-pintura-al-pastel-retrato-de-mascotas-690x918.webp 690w\" sizes=\"(max-width: 768px) 100vw, 768px\" title=\"curso pintura al pastel-retrato de mascotas\" alt=\"\" \t\tclass=\"so-widget-image\"\/>\n\t<\/div>\n\n<\/div><\/div><\/div><\/div><div id=\"pg-10-5\"  class=\"panel-grid panel-no-style\" ><div id=\"pgc-10-5-0\"  class=\"panel-grid-cell\" ><div id=\"panel-10-5-0-0\" class=\"so-panel widget widget_text panel-first-child panel-last-child\" data-index=\"7\" ><div class=\"panel-widget-style panel-widget-style-for-10-5-0-0\" ><h3 class=\"widget-title\">CURSO DE PINTURA AL PASTEL: RETRATO DE NI\u00d1OS.<\/h3>\t\t\t<div class=\"textwidget\"><p><strong>Objetivos:<\/strong> Aprender la t\u00e9cnica de Pintura al Pastel aplicada al retrato infantil.<br \/>\n<strong>Tiempo:<\/strong> 24 horas.<br \/>\n<strong>C\u00e1tedra:<\/strong> Un trabajo final al Pastel de ese ni\u00f1o tan especial que representa mucho para nosotros.<br \/>\n<strong>Materiales:<\/strong> incluidos.<br \/>\n<strong>Costos:<\/strong> \u20ac 255 contado<\/p>\n<p><strong>Informaci\u00f3n:<\/strong> 934107422\/ 687 359 356<\/p>\n<\/div>\n\t\t<\/div><\/div><\/div><div id=\"pgc-10-5-1\"  class=\"panel-grid-cell\" ><div id=\"panel-10-5-1-0\" class=\"so-panel widget widget_sow-image panel-first-child panel-last-child\" data-index=\"8\" ><div\n\t\t\t\n\t\t\tclass=\"so-widget-sow-image so-widget-sow-image-default-4e6925654b7a-10\"\n\t\t\t\n\t\t>\n<div class=\"sow-image-container\">\n\t\t<img \n\tsrc=\"https:\/\/actionart.es\/web2018\/wp-content\/uploads\/2026\/01\/retratos-al-pastel-encargos.jpg\" width=\"578\" height=\"838\" srcset=\"https:\/\/actionart.es\/web2018\/wp-content\/uploads\/2026\/01\/retratos-al-pastel-encargos.jpg 578w, https:\/\/actionart.es\/web2018\/wp-content\/uploads\/2026\/01\/retratos-al-pastel-encargos-207x300.jpg 207w\" sizes=\"(max-width: 578px) 100vw, 578px\" title=\"retratos al pastel encargos\" alt=\"\" \t\tclass=\"so-widget-image\"\/>\n\t<\/div>\n\n<\/div><\/div><\/div><\/div><div id=\"pg-10-6\"  class=\"panel-grid panel-no-style\" ><div id=\"pgc-10-6-0\"  class=\"panel-grid-cell\" ><div id=\"panel-10-6-0-0\" class=\"so-panel widget widget_text panel-first-child panel-last-child\" data-index=\"9\" ><div class=\"panel-widget-style panel-widget-style-for-10-6-0-0\" ><h3 class=\"widget-title\">CURSO DE PINTURA AL \u00d3LEO: PIEL Y FIGURA.<\/h3>\t\t\t<div class=\"textwidget\"><p><strong>Objetivos:<\/strong> Aprender la t\u00e9cnica de Pintura al \u00d3leo aplicada\u00a0 a lograr el realismo de la musculaci\u00f3n, la figura, piel blanca o negra.<br \/>\n<strong>Tiempo:<\/strong> 24 horas.<br \/>\n<strong>C\u00e1tedra:<\/strong> Dos trabajos de peque\u00f1o formato de la figura en color y B\/N.<br \/>\n<strong>Materiales:<\/strong> Incluidos.<br \/>\n<strong>Costos:<\/strong> \u20ac 255 contado<\/p>\n<p><strong>Informaci\u00f3n:<\/strong> 934107422\/ 687 359 356<\/p>\n<\/div>\n\t\t<\/div><\/div><\/div><div id=\"pgc-10-6-1\"  class=\"panel-grid-cell\" ><div id=\"panel-10-6-1-0\" class=\"so-panel widget widget_sow-image panel-first-child panel-last-child\" data-index=\"10\" ><div\n\t\t\t\n\t\t\tclass=\"so-widget-sow-image so-widget-sow-image-default-4e6925654b7a-10\"\n\t\t\t\n\t\t>\n<div class=\"sow-image-container\">\n\t\t<img \n\tsrc=\"https:\/\/actionart.es\/web2018\/wp-content\/uploads\/2025\/12\/curso-pintura-al-oleo-piel-y-fugura.webp\" width=\"768\" height=\"769\" srcset=\"https:\/\/actionart.es\/web2018\/wp-content\/uploads\/2025\/12\/curso-pintura-al-oleo-piel-y-fugura.webp 768w, https:\/\/actionart.es\/web2018\/wp-content\/uploads\/2025\/12\/curso-pintura-al-oleo-piel-y-fugura-300x300.webp 300w, https:\/\/actionart.es\/web2018\/wp-content\/uploads\/2025\/12\/curso-pintura-al-oleo-piel-y-fugura-150x150.webp 150w, https:\/\/actionart.es\/web2018\/wp-content\/uploads\/2025\/12\/curso-pintura-al-oleo-piel-y-fugura-690x691.webp 690w\" sizes=\"(max-width: 768px) 100vw, 768px\" title=\"curso pintura al \u00f3leo-piel y fugura\" alt=\"\" \t\tclass=\"so-widget-image\"\/>\n\t<\/div>\n\n<\/div><\/div><\/div><\/div><div id=\"pg-10-7\"  class=\"panel-grid panel-no-style\" ><div id=\"pgc-10-7-0\"  class=\"panel-grid-cell\" ><div id=\"panel-10-7-0-0\" class=\"so-panel widget widget_text panel-first-child panel-last-child\" data-index=\"11\" ><div class=\"so-rounded panel-widget-style panel-widget-style-for-10-7-0-0\" ><h3 class=\"widget-title\">Curso de Pintura al Pastel: Retrato sobre Lija Sennelier<\/h3>\t\t\t<div class=\"textwidget\"><p><strong>Objetivos:<\/strong> Aprender la t\u00e9cnica de Pintura con l\u00e1pices de Pastel aplicada al retrato sobre Lija Sennelier.<br \/>\n<strong>Tiempo:<\/strong> 24 horas.<br \/>\n<strong>C\u00e1tedra:<\/strong> Un trabajo final de mediano formato con esta curiosa y realista t\u00e9cnica de Pintura con l\u00e1pices de Pastel.<br \/>\n<strong>Materiales:<\/strong> incluidos.<br \/>\n<strong>Costos:<\/strong> \u20ac 255 contado<\/p>\n<p><strong>Informaci\u00f3n:<\/strong> 934107422\/ 687 359 356<\/p>\n<\/div>\n\t\t<\/div><\/div><\/div><div id=\"pgc-10-7-1\"  class=\"panel-grid-cell\" ><div id=\"panel-10-7-1-0\" class=\"so-panel widget widget_sow-image panel-first-child panel-last-child\" data-index=\"12\" ><div\n\t\t\t\n\t\t\tclass=\"so-widget-sow-image so-widget-sow-image-default-4e6925654b7a-10\"\n\t\t\t\n\t\t>\n<div class=\"sow-image-container\">\n\t\t<img \n\tsrc=\"https:\/\/actionart.es\/web2018\/wp-content\/uploads\/2025\/12\/curso-pintura-al-pastel-retrato-sobre-lija-sennelier.webp\" width=\"768\" height=\"1024\" srcset=\"https:\/\/actionart.es\/web2018\/wp-content\/uploads\/2025\/12\/curso-pintura-al-pastel-retrato-sobre-lija-sennelier.webp 768w, https:\/\/actionart.es\/web2018\/wp-content\/uploads\/2025\/12\/curso-pintura-al-pastel-retrato-sobre-lija-sennelier-225x300.webp 225w, https:\/\/actionart.es\/web2018\/wp-content\/uploads\/2025\/12\/curso-pintura-al-pastel-retrato-sobre-lija-sennelier-690x920.webp 690w\" sizes=\"(max-width: 768px) 100vw, 768px\" title=\"curso pintura al pastel-retrato sobre lija sennelier\" alt=\"\" \t\tclass=\"so-widget-image\"\/>\n\t<\/div>\n\n<\/div><\/div><\/div><\/div><div id=\"pg-10-8\"  class=\"panel-grid panel-no-style\" ><div id=\"pgc-10-8-0\"  class=\"panel-grid-cell\" ><div id=\"panel-10-8-0-0\" class=\"so-panel widget widget_text panel-first-child panel-last-child\" data-index=\"13\" ><div class=\"panel-widget-style panel-widget-style-for-10-8-0-0\" ><h3 class=\"widget-title\">Curso de Pintura al Pastel: Retrato sobre Pastelmatt<\/h3>\t\t\t<div class=\"textwidget\"><p><strong>Objetivos:<\/strong> Aprender la t\u00e9cnica de Pintura al Pastel aplicada al retrato sobre este magn\u00edfico soporte al agua y lograr incre\u00edbles y coloridos detalles.<br \/>\n<strong>Tiempo:<\/strong> 24 horas.<br \/>\n<strong>C\u00e1tedra:<\/strong> 1 trabajo final de mediano formato sobre este soporte para la Pintura al Pastel al agua con l\u00e1pices de Pastel.<br \/>\n<strong>Materiales:<\/strong> Incluidos.<br \/>\n<strong>Costos:<\/strong> \u20ac 255 contado<\/p>\n<p><strong>Informaci\u00f3n:<\/strong> 934107422\/ 687 359 356<\/p>\n<\/div>\n\t\t<\/div><\/div><\/div><div id=\"pgc-10-8-1\"  class=\"panel-grid-cell\" ><div id=\"panel-10-8-1-0\" class=\"so-panel widget widget_sow-image panel-first-child panel-last-child\" data-index=\"14\" ><div\n\t\t\t\n\t\t\tclass=\"so-widget-sow-image so-widget-sow-image-default-4e6925654b7a-10\"\n\t\t\t\n\t\t>\n<div class=\"sow-image-container\">\n\t\t<img \n\tsrc=\"https:\/\/actionart.es\/web2018\/wp-content\/uploads\/2025\/12\/curso-pintura-al-pastel-restrato-sobre-Pastelmatt.webp\" width=\"768\" height=\"1025\" srcset=\"https:\/\/actionart.es\/web2018\/wp-content\/uploads\/2025\/12\/curso-pintura-al-pastel-restrato-sobre-Pastelmatt.webp 768w, https:\/\/actionart.es\/web2018\/wp-content\/uploads\/2025\/12\/curso-pintura-al-pastel-restrato-sobre-Pastelmatt-225x300.webp 225w, https:\/\/actionart.es\/web2018\/wp-content\/uploads\/2025\/12\/curso-pintura-al-pastel-restrato-sobre-Pastelmatt-690x921.webp 690w\" sizes=\"(max-width: 768px) 100vw, 768px\" title=\"curso pintura al pastel-restrato sobre Pastelmatt\" alt=\"\" \t\tclass=\"so-widget-image\"\/>\n\t<\/div>\n\n<\/div><\/div><\/div><\/div><\/div>","protected":false},"excerpt":{"rendered":"<p>Los cursos especiales de Pintura son aquellos que por sus temas o t\u00e9cnicas, merecen un estudio m\u00e1s dedicado y espec\u00edfico.\u00a0 Soportes nuevos, innovadoras t\u00e9cnicas, aplicaciones diferentes y curiosos trucos y t\u00e9cnicas de Pintura que nos ayudan a completar y ver evolucionar nuestros conocimientos de arte, o simplemente nos abren una nueva manera de disfrutar aprendiendo [&hellip;]<\/p>\n","protected":false},"author":1,"featured_media":0,"parent":0,"menu_order":0,"comment_status":"closed","ping_status":"closed","template":"","meta":{"footnotes":""},"class_list":["post-10","page","type-page","status-publish","hentry"],"_links":{"self":[{"href":"https:\/\/actionart.es\/web2018\/wp-json\/wp\/v2\/pages\/10","targetHints":{"allow":["GET"]}}],"collection":[{"href":"https:\/\/actionart.es\/web2018\/wp-json\/wp\/v2\/pages"}],"about":[{"href":"https:\/\/actionart.es\/web2018\/wp-json\/wp\/v2\/types\/page"}],"author":[{"embeddable":true,"href":"https:\/\/actionart.es\/web2018\/wp-json\/wp\/v2\/users\/1"}],"replies":[{"embeddable":true,"href":"https:\/\/actionart.es\/web2018\/wp-json\/wp\/v2\/comments?post=10"}],"version-history":[{"count":2,"href":"https:\/\/actionart.es\/web2018\/wp-json\/wp\/v2\/pages\/10\/revisions"}],"predecessor-version":[{"id":4053,"href":"https:\/\/actionart.es\/web2018\/wp-json\/wp\/v2\/pages\/10\/revisions\/4053"}],"wp:attachment":[{"href":"https:\/\/actionart.es\/web2018\/wp-json\/wp\/v2\/media?parent=10"}],"curies":[{"name":"wp","href":"https:\/\/api.w.org\/{rel}","templated":true}]}}