{"id":12,"date":"2018-09-16T11:07:06","date_gmt":"2018-09-16T11:07:06","guid":{"rendered":"https:\/\/actionart.es\/web2018\/?page_id=12"},"modified":"2026-01-15T16:44:22","modified_gmt":"2026-01-15T16:44:22","slug":"quienes-somos","status":"publish","type":"page","link":"https:\/\/actionart.es\/web2018\/quienes-somos\/","title":{"rendered":"Quienes somos"},"content":{"rendered":"<div id=\"pl-12\"  class=\"panel-layout\" ><div id=\"pg-12-0\"  class=\"panel-grid panel-no-style\" ><div id=\"pgc-12-0-0\"  class=\"panel-grid-cell\" ><div id=\"panel-12-0-0-0\" class=\"so-panel widget widget_sow-video panel-first-child panel-last-child\" data-index=\"0\" ><div\n\t\t\t\n\t\t\tclass=\"so-widget-sow-video so-widget-sow-video-default-c08170c47cfb-12\"\n\t\t\t\n\t\t>\n<div class=\"sow-video-wrapper\n\">\n\t\t\t<iframe loading=\"lazy\" title=\"arte ni\u00f1os, pintura y dibujo para ni\u00f1as y ni\u00f1os, color, cursos ni\u00f1os arte\" width=\"980\" height=\"551\" src=\"https:\/\/www.youtube.com\/embed\/TZtxinI7IMc?feature=oembed&autoplay=1&mute=1&enablejsapi=1\" frameborder=\"0\" allow=\"accelerometer; autoplay; clipboard-write; encrypted-media; gyroscope; picture-in-picture; web-share\" referrerpolicy=\"strict-origin-when-cross-origin\" allowfullscreen allowfullscreen mozallowfullscreen webkitallowfullscreen sandbox=\"allow-scripts allow-same-origin allow-presentation\"><\/iframe>\t<\/div>\n<\/div><\/div><\/div><\/div><div id=\"pg-12-1\"  class=\"panel-grid panel-no-style\" ><div id=\"pgc-12-1-0\"  class=\"panel-grid-cell\" ><div id=\"panel-12-1-0-0\" class=\"so-panel widget widget_text panel-first-child\" data-index=\"1\" ><h3 class=\"widget-title\">C\u00d3MO SOMOS<\/h3>\t\t\t<div class=\"textwidget\"><p><em><strong>Action Art Europe es una escuela de Dibujo, Pintura y Aerograf\u00eda,\u00a0 especializada en ense\u00f1ar \u201cT\u00e9cnicas de Arte\u201d<\/strong>. <\/em><\/p>\n<p><em>Nos importa la gente que quiere aprender, mejorar y recibir conocimientos te\u00f3ricos y pr\u00e1cticos para saber: \u00bfC\u00f3mo Pintar al Pastel? \u00bfQu\u00e9 m\u00e9todos son r\u00e1pidos, econ\u00f3micos y eficaces en nuestros Talleres de Dibujo? \u00bfCu\u00e1les son las maneras correctas e inmediatas de resolver el paso a paso en sus proyectos de Aerograf\u00eda? Descubrir todos los posibles \u201ctrucos y t\u00e9cnicas de Pintura al \u00f3leo\u201d y todo cuanto se quiera saber del mundo del Dibujo, la Pintura, el color, los pigmentos, los soportes, los artistas, las obras, a trav\u00e9s de nuestra experiencia y eficaces m\u00e9todos de ense\u00f1anza. Igualmente con los Talleres de Dibujo y Pintura para ni\u00f1os hacemos lo mismo; Nuestro objetivo es que todos aprendan disfrutando lo que m\u00e1s les gusta.<\/em><\/p>\n\n<\/div>\n\t\t<\/div><div id=\"panel-12-1-0-1\" class=\"so-panel widget widget_sow-image-grid panel-last-child\" data-index=\"2\" ><div class=\"panel-widget-style panel-widget-style-for-12-1-0-1\" ><div\n\t\t\t\n\t\t\tclass=\"so-widget-sow-image-grid so-widget-sow-image-grid-default-f22cfdd37074-12\"\n\t\t\t\n\t\t>\t<div\n\t\tclass=\"sow-image-grid-wrapper\"\n\t\t\t\t\t>\n\t\t\t\t\t<div class=\"sow-image-grid-image\">\n\t\t\t\t\t\t\t\t\t\t\t\t<img loading=\"lazy\" decoding=\"async\" width=\"150\" height=\"150\" src=\"https:\/\/actionart.es\/web2018\/wp-content\/uploads\/2025\/10\/eventos-action-art-europe-150x150.webp\" class=\"sow-image-grid-image_html\" alt=\"\" title=\"eventos action art europe\" srcset=\"https:\/\/actionart.es\/web2018\/wp-content\/uploads\/2025\/10\/eventos-action-art-europe-150x150.webp 150w, https:\/\/actionart.es\/web2018\/wp-content\/uploads\/2025\/10\/eventos-action-art-europe.webp 301w\" sizes=\"auto, (max-width: 150px) 100vw, 150px\" \/>\t\t\t\t\t\t\t\t\t\t\t<\/div>\n\t\t\t\t\t<div class=\"sow-image-grid-image\">\n\t\t\t\t\t\t\t\t\t\t\t\t<img loading=\"lazy\" decoding=\"async\" width=\"150\" height=\"150\" src=\"https:\/\/actionart.es\/web2018\/wp-content\/uploads\/2025\/10\/cursos-especiales-150x150.webp\" class=\"sow-image-grid-image_html\" alt=\"\" title=\"cursos especiales\" srcset=\"https:\/\/actionart.es\/web2018\/wp-content\/uploads\/2025\/10\/cursos-especiales-150x150.webp 150w, https:\/\/actionart.es\/web2018\/wp-content\/uploads\/2025\/10\/cursos-especiales-300x300.webp 300w, https:\/\/actionart.es\/web2018\/wp-content\/uploads\/2025\/10\/cursos-especiales.webp 303w\" sizes=\"auto, (max-width: 150px) 100vw, 150px\" \/>\t\t\t\t\t\t\t\t\t\t\t<\/div>\n\t\t\t\t\t<div class=\"sow-image-grid-image\">\n\t\t\t\t\t\t\t\t\t\t\t\t<img loading=\"lazy\" decoding=\"async\" width=\"150\" height=\"150\" src=\"https:\/\/actionart.es\/web2018\/wp-content\/uploads\/2026\/01\/airbrush-barcelona-jose-luis-parada-caballero-school-150x150.webp\" class=\"sow-image-grid-image_html\" alt=\"\" title=\"airbrush barcelona jos\u00e9 luis parada caballero school\" \/>\t\t\t\t\t\t\t\t\t\t\t<\/div>\n\t\t\t\t\t<div class=\"sow-image-grid-image\">\n\t\t\t\t\t\t\t\t\t\t\t\t<img loading=\"lazy\" decoding=\"async\" width=\"150\" height=\"150\" src=\"https:\/\/actionart.es\/web2018\/wp-content\/uploads\/2026\/01\/jose-luis-parada-caballero-y-sylvia-obregon-exposicion-150x150.webp\" class=\"sow-image-grid-image_html\" alt=\"\" title=\"jos\u00e9 luis parada caballero y sylvia obreg\u00f3n exposici\u00f3n\" \/>\t\t\t\t\t\t\t\t\t\t\t<\/div>\n\t\t\t\t\t<div class=\"sow-image-grid-image\">\n\t\t\t\t\t\t\t\t\t\t\t\t<img loading=\"lazy\" decoding=\"async\" width=\"150\" height=\"150\" src=\"https:\/\/actionart.es\/web2018\/wp-content\/uploads\/2026\/01\/premio-reina-sofia-y-jose-luis-parada-caballero-150x150.webp\" class=\"sow-image-grid-image_html\" alt=\"\" title=\"premio reina sof\u00eda y jos\u00e9 luis parada caballero\" \/>\t\t\t\t\t\t\t\t\t\t\t<\/div>\n\t\t\t\t\t<div class=\"sow-image-grid-image\">\n\t\t\t\t\t\t\t\t\t\t\t\t<img loading=\"lazy\" decoding=\"async\" width=\"150\" height=\"150\" src=\"https:\/\/actionart.es\/web2018\/wp-content\/uploads\/2026\/01\/11-150x150.webp\" class=\"sow-image-grid-image_html\" alt=\"\" title=\"Sylvia Obreg\u00f3n\" \/>\t\t\t\t\t\t\t\t\t\t\t<\/div>\n\t\t\t<\/div>\n<\/div><\/div><\/div><\/div><\/div><div id=\"pg-12-2\"  class=\"panel-grid panel-no-style\" ><div id=\"pgc-12-2-0\"  class=\"panel-grid-cell\" ><div id=\"panel-12-2-0-0\" class=\"so-panel widget widget_text panel-first-child panel-last-child\" data-index=\"3\" ><div class=\"panel-widget-style panel-widget-style-for-12-2-0-0\" ><h3 class=\"widget-title\">Sylvia Obreg\u00f3n<\/h3>\t\t\t<div class=\"textwidget\"><p>Publicista, Marchan d\u00b4art, tras a\u00f1os de experiencia en la direcci\u00f3n de diversas empresas y capacidades Directivas y Administrativas, es la CO-Fundadora y Directora Administrativa de la escuela de\u00a0 Dibujo, Pintura y Aerograf\u00eda\u00a0 Action Art Europe desde 1999. Igualmente dirige\u00a0 y planifica las actividades culturales de la escuela y la proyecci\u00f3n comercial y publicitaria de la misma. Profesora de los cursos y talleres de Dibujo y Pintura para ni\u00f1os desde los 5 a los 12 a\u00f1os completan un extenso curr\u00edculum profesional y pedag\u00f3gico con la ense\u00f1anza art\u00edstica y humana.<\/p>\n<\/div>\n\t\t<\/div><\/div><\/div><div id=\"pgc-12-2-1\"  class=\"panel-grid-cell\" ><div id=\"panel-12-2-1-0\" class=\"so-panel widget widget_media_image panel-first-child panel-last-child\" data-index=\"4\" ><img loading=\"lazy\" decoding=\"async\" width=\"505\" height=\"393\" src=\"https:\/\/actionart.es\/web2018\/wp-content\/uploads\/2025\/10\/foto-perfil.webp\" class=\"image wp-image-2681  attachment-full size-full\" alt=\"\" style=\"max-width: 100%; height: auto;\" srcset=\"https:\/\/actionart.es\/web2018\/wp-content\/uploads\/2025\/10\/foto-perfil.webp 505w, https:\/\/actionart.es\/web2018\/wp-content\/uploads\/2025\/10\/foto-perfil-300x233.webp 300w\" sizes=\"auto, (max-width: 505px) 100vw, 505px\" \/><\/div><\/div><\/div><div id=\"pg-12-3\"  class=\"panel-grid panel-no-style\" ><div id=\"pgc-12-3-0\"  class=\"panel-grid-cell\" ><div id=\"panel-12-3-0-0\" class=\"so-panel widget widget_text panel-first-child panel-last-child\" data-index=\"5\" ><div class=\"panel-widget-style panel-widget-style-for-12-3-0-0\" ><h3 class=\"widget-title\">Jos\u00e9 Luis Parada Caballero<\/h3>\t\t\t<div class=\"textwidget\"><p>34 a\u00f1os de carrera y 28 a\u00f1os como profesor en talleres de Dibujo y Pintura, clases de Pintura para adultos y j\u00f3venes, cursos de Ilustraci\u00f3n tradicional e instructor en cursos, clases y talleres de Aerograf\u00eda Profesional en todas sus aplicaciones, lo mantienen como Director Acad\u00e9mico de su propia escuela de Bellas Artes y Aerograf\u00eda Profesional, junto a su Esposa Sylvia Obreg\u00f3n como Directora de Log\u00edstica y Administrativa desde 1999.<\/p>\n<p><a href=\"https:\/\/actionart.es\/web2018\/galerias-2\/galeria-del-profesor\/\"><strong>Visita su Portafolio Profesional pinchando aqu\u00ed!<\/strong><\/a><\/p>\n<\/div>\n\t\t<\/div><\/div><\/div><div id=\"pgc-12-3-1\"  class=\"panel-grid-cell\" ><div id=\"panel-12-3-1-0\" class=\"so-panel widget widget_media_image panel-first-child panel-last-child\" data-index=\"6\" ><img loading=\"lazy\" decoding=\"async\" width=\"768\" height=\"561\" src=\"https:\/\/actionart.es\/web2018\/wp-content\/uploads\/2025\/10\/jlparada-action-art.webp\" class=\"image wp-image-2682  attachment-full size-full\" alt=\"\" style=\"max-width: 100%; height: auto;\" srcset=\"https:\/\/actionart.es\/web2018\/wp-content\/uploads\/2025\/10\/jlparada-action-art.webp 768w, https:\/\/actionart.es\/web2018\/wp-content\/uploads\/2025\/10\/jlparada-action-art-300x219.webp 300w, https:\/\/actionart.es\/web2018\/wp-content\/uploads\/2025\/10\/jlparada-action-art-690x504.webp 690w\" sizes=\"auto, (max-width: 768px) 100vw, 768px\" \/><\/div><\/div><\/div><\/div>","protected":false},"excerpt":{"rendered":"<p>Action Art Europe es una escuela de Dibujo, Pintura y Aerograf\u00eda,\u00a0 especializada en ense\u00f1ar \u201cT\u00e9cnicas de Arte\u201d. Nos importa la gente que quiere aprender, mejorar y recibir conocimientos te\u00f3ricos y pr\u00e1cticos para saber: \u00bfC\u00f3mo Pintar al Pastel? \u00bfQu\u00e9 m\u00e9todos son r\u00e1pidos, econ\u00f3micos y eficaces en nuestros Talleres de Dibujo? \u00bfCu\u00e1les son las maneras correctas e [&hellip;]<\/p>\n","protected":false},"author":1,"featured_media":0,"parent":0,"menu_order":0,"comment_status":"closed","ping_status":"closed","template":"","meta":{"footnotes":""},"class_list":["post-12","page","type-page","status-publish","hentry"],"_links":{"self":[{"href":"https:\/\/actionart.es\/web2018\/wp-json\/wp\/v2\/pages\/12","targetHints":{"allow":["GET"]}}],"collection":[{"href":"https:\/\/actionart.es\/web2018\/wp-json\/wp\/v2\/pages"}],"about":[{"href":"https:\/\/actionart.es\/web2018\/wp-json\/wp\/v2\/types\/page"}],"author":[{"embeddable":true,"href":"https:\/\/actionart.es\/web2018\/wp-json\/wp\/v2\/users\/1"}],"replies":[{"embeddable":true,"href":"https:\/\/actionart.es\/web2018\/wp-json\/wp\/v2\/comments?post=12"}],"version-history":[{"count":2,"href":"https:\/\/actionart.es\/web2018\/wp-json\/wp\/v2\/pages\/12\/revisions"}],"predecessor-version":[{"id":3238,"href":"https:\/\/actionart.es\/web2018\/wp-json\/wp\/v2\/pages\/12\/revisions\/3238"}],"wp:attachment":[{"href":"https:\/\/actionart.es\/web2018\/wp-json\/wp\/v2\/media?parent=12"}],"curies":[{"name":"wp","href":"https:\/\/api.w.org\/{rel}","templated":true}]}}