{"id":15,"date":"2018-09-16T11:07:06","date_gmt":"2018-09-16T11:07:06","guid":{"rendered":"https:\/\/actionart.es\/web2018\/?page_id=15"},"modified":"2025-12-05T17:50:45","modified_gmt":"2025-12-05T17:50:45","slug":"contacto","status":"publish","type":"page","link":"https:\/\/actionart.es\/web2018\/contacto\/","title":{"rendered":"Contacto"},"content":{"rendered":"<div id=\"pl-15\"  class=\"panel-layout\" ><div id=\"pg-15-0\"  class=\"panel-grid panel-no-style\" ><div id=\"pgc-15-0-0\"  class=\"panel-grid-cell\" ><div id=\"panel-15-0-0-0\" class=\"so-panel widget widget_sow-image panel-first-child panel-last-child\" data-index=\"0\" ><div\n\t\t\t\n\t\t\tclass=\"so-widget-sow-image so-widget-sow-image-default-c67d20f9f743-15\"\n\t\t\t\n\t\t>\n<div class=\"sow-image-container\">\n\t\t<img \n\tsrc=\"https:\/\/actionart.es\/web2018\/wp-content\/uploads\/2025\/12\/portada-pagina-de-contacto-scaled.webp\" width=\"2560\" height=\"834\" srcset=\"https:\/\/actionart.es\/web2018\/wp-content\/uploads\/2025\/12\/portada-pagina-de-contacto-scaled.webp 2560w, https:\/\/actionart.es\/web2018\/wp-content\/uploads\/2025\/12\/portada-pagina-de-contacto-300x98.webp 300w, https:\/\/actionart.es\/web2018\/wp-content\/uploads\/2025\/12\/portada-pagina-de-contacto-1024x333.webp 1024w, https:\/\/actionart.es\/web2018\/wp-content\/uploads\/2025\/12\/portada-pagina-de-contacto-768x250.webp 768w, https:\/\/actionart.es\/web2018\/wp-content\/uploads\/2025\/12\/portada-pagina-de-contacto-1536x500.webp 1536w, https:\/\/actionart.es\/web2018\/wp-content\/uploads\/2025\/12\/portada-pagina-de-contacto-2048x667.webp 2048w, https:\/\/actionart.es\/web2018\/wp-content\/uploads\/2025\/12\/portada-pagina-de-contacto-690x225.webp 690w, https:\/\/actionart.es\/web2018\/wp-content\/uploads\/2025\/12\/portada-pagina-de-contacto-980x319.webp 980w\" sizes=\"(max-width: 2560px) 100vw, 2560px\" title=\"portada-p\u00e1gina de contacto\" alt=\"\" \t\tclass=\"so-widget-image\"\/>\n\t<\/div>\n\n<\/div><\/div><\/div><\/div><div id=\"pg-15-1\"  class=\"panel-grid panel-no-style\" ><div id=\"pgc-15-1-0\"  class=\"panel-grid-cell\" ><div id=\"panel-15-1-0-0\" class=\"so-panel widget widget_sow-editor panel-first-child panel-last-child\" data-index=\"1\" ><div\n\t\t\t\n\t\t\tclass=\"so-widget-sow-editor so-widget-sow-editor-base\"\n\t\t\t\n\t\t><h3 class=\"widget-title\">\u00bfDonde estamos?<\/h3>\n<div class=\"siteorigin-widget-tinymce textwidget\">\n\t<p style=\"text-align: left;\">Action Art Europe Escuela de Bellas Artes y Aerografia Profesional.<br \/>\nCalle Joan Guell, No. 184. Galeries Nou Boulevard.<br \/>\nPlanta uno, Locales 35\/37.<br \/>\nBarcelona CP 08028.<br \/>\nCatalu\u00f1a, Espa\u00f1a.<br \/>\nTelf: +34 93 410 74 22.<br \/>\nM\u00f3vil: 34 687 359 356<\/p>\n<h3>HORARIOS REGULARES DE SEPTIEMBRE\u00a0 A\u00a0 JUNIO:<\/h3>\n<p>Lunes a Jueves de 16:30 a 19:30<\/p>\n<p>Mi\u00e9rcoles y Jueves de 11:00 a 13:00 (especial para adultos y Gent Gran )<\/p>\n<p>S\u00e1bados: de 10:00 a 12:00 y de 12:15 a 14:15<\/p>\n<p><strong>Horarios de Verano: ( SEG\u00daN LOS GRUPOS)<\/strong><\/p>\n<p>Lunes a jueves: de 17:00 a 19:00<\/p>\n<p>Abiertos todo el a\u00f1o de Septiembre a Julio.<\/p>\n<\/div>\n<\/div><\/div><\/div><\/div><div id=\"pg-15-2\"  class=\"panel-grid panel-no-style\" ><div id=\"pgc-15-2-0\"  class=\"panel-grid-cell\" ><div id=\"panel-15-2-0-0\" class=\"so-panel widget widget_sow-image panel-first-child panel-last-child\" data-index=\"2\" ><div\n\t\t\t\n\t\t\tclass=\"so-widget-sow-image so-widget-sow-image-default-c67d20f9f743-15\"\n\t\t\t\n\t\t>\n<div class=\"sow-image-container\">\n\t\t<img \n\tsrc=\"https:\/\/actionart.es\/web2018\/wp-content\/uploads\/2025\/12\/mapaJPG-1.jpg\" width=\"909\" height=\"584\" srcset=\"https:\/\/actionart.es\/web2018\/wp-content\/uploads\/2025\/12\/mapaJPG-1.jpg 909w, https:\/\/actionart.es\/web2018\/wp-content\/uploads\/2025\/12\/mapaJPG-1-300x193.jpg 300w, https:\/\/actionart.es\/web2018\/wp-content\/uploads\/2025\/12\/mapaJPG-1-768x493.jpg 768w, https:\/\/actionart.es\/web2018\/wp-content\/uploads\/2025\/12\/mapaJPG-1-690x443.jpg 690w\" sizes=\"(max-width: 909px) 100vw, 909px\" title=\"mapaJPG\" alt=\"\" \t\tclass=\"so-widget-image\"\/>\n\t<\/div>\n\n<\/div><\/div><\/div><\/div><div id=\"pg-15-3\"  class=\"panel-grid panel-no-style\" ><div id=\"pgc-15-3-0\"  class=\"panel-grid-cell\" ><div id=\"panel-15-3-0-0\" class=\"so-panel widget widget_sow-icon panel-first-child\" data-index=\"3\" ><div\n\t\t\t\n\t\t\tclass=\"so-widget-sow-icon so-widget-sow-icon-default-9ade2a220f49-15\"\n\t\t\t\n\t\t>\n<div class=\"sow-icon-container sow-icon\">\n\t\t\t<span class=\"sow-icon-fontawesome sow-fas\" data-sow-icon=\"&#xf239;\"\n\t\t \n\t\taria-hidden=\"true\"><\/span>\t<\/div>\n<\/div><\/div><div id=\"panel-15-3-0-1\" class=\"so-panel widget widget_text panel-last-child\" data-index=\"4\" ><h3 class=\"widget-title\">Metro<\/h3>\t\t\t<div class=\"textwidget\"><p>MT L3:<br \/>\nMar\u00eda Cristina.<br \/>\nLes Corts<\/p>\n<\/div>\n\t\t<\/div><\/div><div id=\"pgc-15-3-1\"  class=\"panel-grid-cell\" ><div id=\"panel-15-3-1-0\" class=\"so-panel widget widget_sow-icon panel-first-child\" data-index=\"5\" ><div\n\t\t\t\n\t\t\tclass=\"so-widget-sow-icon so-widget-sow-icon-default-6d48d56f2dae-15\"\n\t\t\t\n\t\t>\n<div class=\"sow-icon-container sow-icon\">\n\t\t\t<span class=\"sow-icon-fontawesome sow-fas\" data-sow-icon=\"&#xf207;\"\n\t\t \n\t\taria-hidden=\"true\"><\/span>\t<\/div>\n<\/div><\/div><div id=\"panel-15-3-1-1\" class=\"so-panel widget widget_text panel-last-child\" data-index=\"6\" ><h3 class=\"widget-title\">Buses<\/h3>\t\t\t<div class=\"textwidget\"><p>Travesera de es Corts:<br \/>\n15, 43, 59.<br \/>\nAv. Diagonal Corte Ingl\u00e9s:<br \/>\n70, 72, 74.<br \/>\nAv Diagonal, Pedralbes Centre:<br \/>\n6, 7, 18, 33, 34, 63, 66, 67.<br \/>\nGran v\u00eda Carles III:<br \/>\n70, 72, 75, L12.<br \/>\nAv. Diagonal La Caixa.<br \/>\nL14, L51, L57, L61, L62, L63,<br \/>\nL64, L68,L69.<\/p>\n<\/div>\n\t\t<\/div><\/div><div id=\"pgc-15-3-2\"  class=\"panel-grid-cell\" ><div id=\"panel-15-3-2-0\" class=\"so-panel widget widget_sow-icon panel-first-child\" data-index=\"7\" ><div\n\t\t\t\n\t\t\tclass=\"so-widget-sow-icon so-widget-sow-icon-default-09b0f4e10b95-15\"\n\t\t\t\n\t\t>\n<div class=\"sow-icon-container sow-icon\">\n\t\t\t<span class=\"sow-icon-fontawesome sow-fas\" data-sow-icon=\"&#xf239;\"\n\t\t \n\t\taria-hidden=\"true\"><\/span>\t<\/div>\n<\/div><\/div><div id=\"panel-15-3-2-1\" class=\"so-panel widget widget_text panel-last-child\" data-index=\"8\" ><h3 class=\"widget-title\">Tranv\u00eda<\/h3>\t\t\t<div class=\"textwidget\"><p>T1, T2, T3.<br \/>\nMar\u00eda Cristina.<\/p>\n<\/div>\n\t\t<\/div><\/div><div id=\"pgc-15-3-3\"  class=\"panel-grid-cell\" ><div id=\"panel-15-3-3-0\" class=\"so-panel widget widget_sow-icon panel-first-child\" data-index=\"9\" ><div\n\t\t\t\n\t\t\tclass=\"so-widget-sow-icon so-widget-sow-icon-default-45d09b2acc59-15\"\n\t\t\t\n\t\t>\n<div class=\"sow-icon-container sow-icon\">\n\t\t\t<span class=\"sow-icon-fontawesome sow-fas\" data-sow-icon=\"&#xf239;\"\n\t\t \n\t\taria-hidden=\"true\"><\/span>\t<\/div>\n<\/div><\/div><div id=\"panel-15-3-3-1\" class=\"so-panel widget widget_text panel-last-child\" data-index=\"10\" ><h3 class=\"widget-title\">Renfe<\/h3>\t\t\t<div class=\"textwidget\"><p>Estaci\u00f3n de Sants.<br \/>\nConexi\u00f3n MT L3 Sants Estaci\u00f3.<br \/>\nLes Corts.<\/p>\n<p>Estaci\u00f3n Diagonal.<br \/>\nMT L3 Diagonal<br \/>\nLes Corts.<\/p>\n<\/div>\n\t\t<\/div><\/div><\/div><div id=\"pg-15-4\"  class=\"panel-grid panel-no-style\" ><div id=\"pgc-15-4-0\"  class=\"panel-grid-cell\" ><div id=\"panel-15-4-0-0\" class=\"so-panel widget widget_sow-contact-form panel-first-child panel-last-child\" data-index=\"11\" ><div\n\t\t\t\n\t\t\tclass=\"so-widget-sow-contact-form so-widget-sow-contact-form-default-693fa2bfc220-15\"\n\t\t\t\n\t\t><h3 class=\"widget-title\">Contacta con nosotros<\/h3>\t<form\n\t\taction=\"\/web2018\/wp-json\/wp\/v2\/pages\/15\"\n\t\tmethod=\"POST\"\n\t\tclass=\"sow-contact-form\"\n\t\tid=\"contact-form-c0c6\"\n\t>\n\n\t\t\n\t\t\t\t\t<div class=\"sow-form-field sow-form-field-name\">\n\t\t\t\t<label class=\"sow-form-field-label-above\" for=\"sow-contact-form-field-tu-nombre-1\">\n\t\t\t\t<strong>\n\t\t\t\t\tTu nombre\t\t\t\t\t\t\t\t\t<\/strong>\n\t\t\t<\/label>\n\t\t\t\t\t\t\t<div class=\"sow-field-container\">\n\t\t\t\t\t\t\t<input\n\t\t\ttype=\"text\"\n\t\t\tname=\"tu-nombre-1\"\n\t\t\tid=\"sow-contact-form-field-tu-nombre-1\"\n\t\t\tvalue=\"\"\n\t\t\tclass=\"sow-text-field\"\n\t\t\t\t\t\t\t\t\/>\n\t\t\t\t\t\t<\/div>\n\t\t\t\t\t\t\t<\/div>\n\t\t\t\t\t\t<div class=\"sow-form-field sow-form-field-email\">\n\t\t\t\t<label class=\"sow-form-field-label-above\" for=\"sow-contact-form-field-tu-correo-electronico-1\">\n\t\t\t\t<strong>\n\t\t\t\t\tTu correo electr\u00f3nico\t\t\t\t\t\t\t\t\t<\/strong>\n\t\t\t<\/label>\n\t\t\t\t\t\t\t<div class=\"sow-field-container\">\n\t\t\t\t\t\t\t<input\n\t\t\ttype=\"email\"\n\t\t\tname=\"tu-correo-electronico-1\"\n\t\t\tid=\"sow-contact-form-field-tu-correo-electronico-1\"\n\t\t\tvalue=\"\"\n\t\t\tclass=\"sow-text-field\"\t\t\t\t\t\t\t\t\/>\n\t\t\t\t\t\t<\/div>\n\t\t\t\t\t\t\t<\/div>\n\t\t\t\t\t\t<div class=\"sow-form-field sow-form-field-subject\">\n\t\t\t\t<label class=\"sow-form-field-label-above\" for=\"sow-contact-form-field-asunto-1\">\n\t\t\t\t<strong>\n\t\t\t\t\tAsunto\t\t\t\t\t\t\t\t\t<\/strong>\n\t\t\t<\/label>\n\t\t\t\t\t\t\t<div class=\"sow-field-container\">\n\t\t\t\t\t\t\t<input\n\t\t\ttype=\"text\"\n\t\t\tname=\"asunto-1\"\n\t\t\tid=\"sow-contact-form-field-asunto-1\"\n\t\t\tvalue=\"\"\n\t\t\tclass=\"sow-text-field\"\n\t\t\t\t\t\t\t\t\/>\n\t\t\t\t\t\t<\/div>\n\t\t\t\t\t\t\t<\/div>\n\t\t\t\t\t\t<div class=\"sow-form-field sow-form-field-textarea\">\n\t\t\t\t<label class=\"sow-form-field-label-above\" for=\"sow-contact-form-field-mensaje-1\">\n\t\t\t\t<strong>\n\t\t\t\t\tMensaje\t\t\t\t\t\t\t\t\t<\/strong>\n\t\t\t<\/label>\n\t\t\t\t\t\t\t<div class=\"sow-field-container\">\n\t\t\t\t\t\t\t<textarea\n\t\t\tname=\"mensaje-1\"\n\t\t\tid=\"sow-contact-form-field-mensaje-1\"\n\t\t\trows=\"10\"\n\t\t\t\t\t\t\t\t><\/textarea>\n\t\t\t\t\t\t<\/div>\n\t\t\t\t\t\t\t<\/div>\n\t\t\t\n\t\t\n\t\t<div class=\"sow-submit-wrapper \n\t\tsow-submit-styled\t\t\">\n\n\t\t\t<button\n\t\t\t\ttype=\"submit\"\n\t\t\t\tclass=\"sow-submit\n\t\t\t\t\t\t\t\t\"\n\t\t\t\t\t\t\t>\n\t\t\t\tContacta con nosotros\t\t\t<\/button>\n\t\t<\/div>\n\t\t\t\t<input\n\t\t\ttype=\"hidden\"\n\t\t\tname=\"instance_hash-1\"\n\t\t\tvalue=\"c0c6aa81\"\n\t\t\/>\n\n\t\t<input type=\"hidden\" id=\"_wpnonce\" name=\"_wpnonce\" value=\"e20dc24022\" \/><input type=\"hidden\" name=\"_wp_http_referer\" value=\"\/web2018\/wp-json\/wp\/v2\/pages\/15\" \/>\t<\/form>\n\t<\/div><\/div><\/div><\/div><\/div>","protected":false},"excerpt":{"rendered":"<p>Action Art Europe Escuela de Bellas Artes y Aerografia Profesional. Calle Joan Guell, No. 184. Galeries Nou Boulevard. Planta uno, Locales 35\/37. Barcelona CP 08028. Catalu\u00f1a, Espa\u00f1a. Telf: +34 93 410 74 22. M\u00f3vil: 34 687 359 356 HORARIOS REGULARES DE SEPTIEMBRE\u00a0 A\u00a0 JUNIO: Lunes a Jueves de 16:30 a 19:30 Mi\u00e9rcoles y Jueves de [&hellip;]<\/p>\n","protected":false},"author":1,"featured_media":0,"parent":0,"menu_order":0,"comment_status":"closed","ping_status":"closed","template":"","meta":{"footnotes":""},"class_list":["post-15","page","type-page","status-publish","hentry"],"_links":{"self":[{"href":"https:\/\/actionart.es\/web2018\/wp-json\/wp\/v2\/pages\/15","targetHints":{"allow":["GET"]}}],"collection":[{"href":"https:\/\/actionart.es\/web2018\/wp-json\/wp\/v2\/pages"}],"about":[{"href":"https:\/\/actionart.es\/web2018\/wp-json\/wp\/v2\/types\/page"}],"author":[{"embeddable":true,"href":"https:\/\/actionart.es\/web2018\/wp-json\/wp\/v2\/users\/1"}],"replies":[{"embeddable":true,"href":"https:\/\/actionart.es\/web2018\/wp-json\/wp\/v2\/comments?post=15"}],"version-history":[{"count":2,"href":"https:\/\/actionart.es\/web2018\/wp-json\/wp\/v2\/pages\/15\/revisions"}],"predecessor-version":[{"id":2917,"href":"https:\/\/actionart.es\/web2018\/wp-json\/wp\/v2\/pages\/15\/revisions\/2917"}],"wp:attachment":[{"href":"https:\/\/actionart.es\/web2018\/wp-json\/wp\/v2\/media?parent=15"}],"curies":[{"name":"wp","href":"https:\/\/api.w.org\/{rel}","templated":true}]}}