{"id":17,"date":"2018-09-16T11:07:06","date_gmt":"2018-09-16T11:07:06","guid":{"rendered":"https:\/\/actionart.es\/web2018\/?page_id=17"},"modified":"2026-01-23T15:38:33","modified_gmt":"2026-01-23T15:38:33","slug":"lpd","status":"publish","type":"page","link":"https:\/\/actionart.es\/web2018\/lpd\/","title":{"rendered":"LPD"},"content":{"rendered":"<h2><strong>AVISO LEGAL<\/strong><\/h2>\n<p>En cumplimiento del art\u00edculo 10 de la Ley 34\/2002, del 11 de julio, de servicios de la Sociedad de la Informaci\u00f3n y Comercio Electr\u00f3nico (LSSICE) se exponen a continuaci\u00f3n los datos identificativos de la empresa:<\/p>\n<p>Denominaci\u00f3n social <strong>\u00aeACTION ART EUROPE<\/strong>. Titular: Jos\u00e9 L. Parada C. N.I.F. 49287074Y. Domicilio social: C\/. Joan G\u00fcell 184, Galer\u00edas Nou Boulevard, locales 35-37, 08028 Les Corts, Barcelona (Espa\u00f1a) Tel\u00e9fono de contacto (+34) 93 410 74 22. Correo electr\u00f3nico: info@actionart.es<\/p>\n<p>El manejo y navegaci\u00f3n por la p\u00e1gina web, as\u00ed como la suscripci\u00f3n y los formularios que puedan contenerse en la misma, conllevar\u00e1 la aceptaci\u00f3n por el usuario de esta Pol\u00edtica de Privacidad y Protecci\u00f3n de Datos.<\/p>\n<h3><strong>DEFINICIONES<\/strong><\/h3>\n<p>USUARIO: Todo aquel que accede al PORTAL, aunque no realice ninguna compra, utilice o disponga de los CONTENIDOS en \u00e9l dispuestos.<br \/>\nCONTENIDOS: Cualquier informaci\u00f3n, texto, v\u00ednculo, software, material, herramientas, incluidas las fotos de productos y servicios ofertados, etc. cuya disposici\u00f3n y acceso se produzca \u00fanicamente de manera on-line a trav\u00e9s del PORTAL y mediante la navegaci\u00f3n por el mismo.<br \/>\nUSO DEL PORTAL: www.actionart.es proporciona el acceso a multitud de informaciones, servicios, programas o datos (en adelante, \u00ablos contenidos\u00bb) en Internet pertenecientes a <strong>\u00aeACTION ART EUROPE<\/strong> o a sus licenciantes a los que el USUARIO pueda tener acceso.<\/p>\n<p>El USUARIO asume la responsabilidad del uso del portal. Dicha responsabilidad se extiende al registro que fuese necesario para acceder a determinados servicios o contenidos. El USUARIO se compromete a hacer un uso adecuado de los contenidos y servicios (como por ejemplo servicios de chat, foros de discusi\u00f3n o grupos de noticias) que <strong>\u00aeACTION ART EUROPE<\/strong> ofrece a trav\u00e9s de su portal y con car\u00e1cter enunciativo pero no limitativo, a no emplearlos para (i) incurrir en actividades il\u00edcitas, ilegales o contrarias a la buena fe y al orden p\u00fablico; (ii) difundir contenidos o propaganda de car\u00e1cter racista, xen\u00f3fobo, pornogr\u00e1fico-ilegal, de apolog\u00eda del terrorismo o atentatorio contra los derechos humanos; (iii) provocar da\u00f1os en los sistemas f\u00edsicos y l\u00f3gicos de <strong>\u00aeACTION ART EUROPE<\/strong> , de sus proveedores o de terceras personas, introducir o difundir en la red virus inform\u00e1ticos o cualesquiera otros sistemas f\u00edsicos o l\u00f3gicos que sean susceptibles de provocar los da\u00f1os anteriormente mencionados.<\/p>\n<p><strong>\u00aeACTION ART EUROPE<\/strong> se reserva el derecho de retirar todos aquellos comentarios y aportaciones que vulneren el respeto a la dignidad de la persona, que sean discriminatorios, xen\u00f3fobos, racistas, pornogr\u00e1ficos, que atenten contra la juventud o la infancia, el orden o la seguridad p\u00fablica o que, a su juicio, no resultaran adecuados para su publicaci\u00f3n.<\/p>\n<p>En cualquier caso, <strong>\u00aeACTION ART EUROPE<\/strong> no ser\u00e1 responsable de las opiniones vertidas por los usuarios a trav\u00e9s de los foros, chats, u otras herramientas de participaci\u00f3n.<\/p>\n<h3><strong>POL\u00cdTICA DE PRIVACIDAD<\/strong><\/h3>\n<p>La confidencialidad y la seguridad son vales importantes de <strong>\u00aeACTION ART EUROPE<\/strong> y en consecuencia los datos personales que recabemos a trav\u00e9s de la p\u00e1gina web www.actionart.es o por medio de las distintas comunicaciones que mantengamos con el USUARIO ser\u00e1n tratados con absoluta confidencialidad, comprometi\u00e9ndonos a guardar secreto respecto de los mismos y garantizando el deber de guardarlos adoptando todas las medidas necesarias que eviten su alteraci\u00f3n, p\u00e9rdida y tratamiento o acceso no autorizado, de acuerdo con lo establecido en la legislaci\u00f3n aplicable.<\/p>\n<h3><strong>DESTINATARIOS DE SUS DATOS<\/strong><\/h3>\n<p>Sus datos son confidenciales y no se ceder\u00e1n a terceros, salvo que exista obligaci\u00f3n legal.<\/p>\n<h3><strong>DERECHOS EN RELACI\u00d3N CON SUS DATOS PERSONALES.<\/strong><\/h3>\n<p>Cualquier persona puede retirar su consentimiento en cualquier momento, cuando el mismo se haya otorgado para el tratamiento de sus datos. En ning\u00fan caso, la retirada de este consentimiento condiciona la ejecuci\u00f3n del contrato de suscripci\u00f3n o las relaciones generadas con anterioridad.<br \/>\nIgualmente, puede ejercer los siguientes derechos:<br \/>\n\u2013 Solicitar el acceso a sus datos personales o su rectificaci\u00f3n cuando sean inexactos.<br \/>\n\u2013 Solicitar su supresi\u00f3n cuando, entre otros motivos, los datos ya no sean necesarios para los fines para los que fueron recogidos.<br \/>\n\u2013 Solicitar la limitaci\u00f3n de su tratamiento en determinadas circunstancias.<br \/>\n\u2013 Solicitar la oposici\u00f3n al tratamiento de sus datos por motivos relacionados con su situaci\u00f3n particular.<br \/>\n\u2013 Solicitar la portabilidad de los datos en los casos previstos en la normativa.<br \/>\n\u2013 Otros derechos reconocidos en las normativas aplicables.<br \/>\nD\u00f3nde y c\u00f3mo solicitar sus Derechos: Mediante un escrito dirigido al responsable a su direcci\u00f3n postal o electr\u00f3nica (indicadas en el apartado A), indicando la referencia \u201cDatos Personales\u201d, especificando el derecho que se quiere ejercer y respecto a qu\u00e9 datos personales.<br \/>\nEn caso de divergencias con la empresa en relaci\u00f3n con el tratamiento de sus datos, puede presentar una reclamaci\u00f3n ante la Agencia de Protecci\u00f3n de Datos (<a href=\"https:\/\/www.agpd.es\">www.agpd.es<\/a>).<\/p>\n<h3><strong>SEGURIDAD DE SUS DATOS PERSONALES<\/strong><\/h3>\n<p>Con el objetivo de salvaguardar la seguridad de sus datos personales, le informamos que hemos adoptado todas las medidas de \u00edndole t\u00e9cnica y organizativa necesarias para garantizar la seguridad de los datos personales suministrados de su alteraci\u00f3n, p\u00e9rdida y tratamientos o accesos no autorizados.<\/p>\n<h3><strong>ACTUALIZACI\u00d3N DE SUS DATOS<\/strong><\/h3>\n<p>Es importante que para que podamos mantener sus datos personales actualizados, nos informe siempre que haya habido alguna modificaci\u00f3n en ellos, en caso contrario, no respondemos de la veracidad de los mismos.<\/p>\n<p>No nos hacemos responsables de la pol\u00edtica de privacidad respecto a los datos personales que pueda facilitar a terceros por medio de los enlaces disponibles en nuestra p\u00e1gina web.<br \/>\nLa presente Pol\u00edtica de Privacidad puede ser modificada para adaptarlas a los cambios que se produzca en nuestra web, as\u00ed como modificaciones legislativas o jurisprudenciales sobre datos personales que vayan apareciendo, por lo que exige su lectura, cada vez que nos facilite sus datos a trav\u00e9s de esta Web.<\/p>\n<h3><strong>ACTIVIDAD COMERCIAL<\/strong><\/h3>\n<p>El USUARIO SUSCRITO consiente expresamente recibir comunicaciones comerciales de Productos o Servicios que se oferten o que puedan ofrecerse en el futuro por parte de <strong>\u00aeACTION ART EUROPE<\/strong>. El USUARIO SUSCRITO podr\u00e1 solicitar la cancelaci\u00f3n de env\u00edo de comunicaciones comerciales enviando una comunicaci\u00f3n v\u00eda e-mail a la direcci\u00f3n info@actionart.es indicando su voluntad inequ\u00edvoca de no recibir comunicaciones comerciales. Esta solicitud de cancelaci\u00f3n de env\u00edo de comunicaciones comerciales en ning\u00fan caso perjudicar\u00e1 la posibilidad del USUARIO ANTES SUSCRITO de acceder y utilizar los CONTENIDOS. Las transacciones comerciales que se produzcan deber\u00e1n sujetarse a las disposiciones legales vigentes, y en particular las establecidas en la Ley 7\/1996 y Ley de Ordenaci\u00f3n del Comercio Minorista, as\u00ed como en la legislaci\u00f3n relativa a las ventas a distancia, que desarrolla las anteriores y la Ley 34\/2002, de 11 de julio, de Servicios de Informaci\u00f3n y de Comercio Electr\u00f3nico.<\/p>\n<h3><strong>USO DE LA INFORMACI\u00d3N RECOGIDA<\/strong><\/h3>\n<p>Nuestro sitio web emplea la informaci\u00f3n con el fin de proporcionar el mejor servicio posible, particularmente para mantener un registro de usuarios, de pedidos en caso que aplique, y mejorar nuestros productos y servicios.<\/p>\n<h3><strong>LAS COOKIES DE INTERNET<\/strong><\/h3>\n<p>Una cookie se refiere a un fichero que es enviado con la finalidad de solicitar permiso para almacenarse en su ordenador, al aceptar dicho fichero se crea y la cookie sirve entonces para tener informaci\u00f3n respecto al tr\u00e1fico web, y tambi\u00e9n facilita las futuras visitas a una web recurrente. Otra funci\u00f3n que tienen las cookies es que con ellas la web pueden reconocerte individualmente y por tanto brindarte el mejor servicio personalizado de su web.<br \/>\nNuestro sitio web emplea las cookies para poder identificar las p\u00e1ginas que son visitadas y su frecuencia. Esta informaci\u00f3n es empleada \u00fanicamente para an\u00e1lisis estad\u00edstico y despu\u00e9s la informaci\u00f3n se elimina de forma permanente. Usted puede aceptar o negar el uso de cookies. Tambi\u00e9n usted puede cambiar la configuraci\u00f3n de su ordenador para declinar las cookies.<\/p>\n<h3><strong>PROPIEDAD INTELECTUAL E INDUSTRIAL<\/strong><\/h3>\n<p><strong>\u00aeACTION ART EUROPE<\/strong> por s\u00ed o como cesionaria, es titular de todos los derechos de propiedad intelectual e industrial de \u00e9sta p\u00e1gina web, as\u00ed como de los elementos contenidos en la misma (a t\u00edtulo enunciativo, im\u00e1genes, sonido, audio, v\u00eddeo, software o textos; marcas o logotipos, combinaciones de colores, estructura y dise\u00f1o, selecci\u00f3n de materiales usados, programas de ordenador necesarios para su funcionamiento, acceso y uso, etc.), titularidad de <strong>\u00aeACTION ART EUROPE<\/strong> o bien de sus licenciantes. Todos los derechos reservados.<\/p>\n<p>En virtud de lo dispuesto en los art\u00edculos 8 y 32.1, p\u00e1rrafo segundo, de la Ley de Propiedad Intelectual, quedan expresamente prohibidas la reproducci\u00f3n, la distribuci\u00f3n y la comunicaci\u00f3n p\u00fablica, incluida su modalidad de puesta a disposici\u00f3n, de la totalidad o parte de los contenidos de esta p\u00e1gina web, con fines comerciales, en cualquier soporte y por cualquier medio t\u00e9cnico, sin la autorizaci\u00f3n de <strong>\u00aeACTION ART EUROPE.<\/strong><\/p>\n<p>El USUARIO se compromete a respetar los derechos de Propiedad Intelectual e Industrial titularidad de <strong>\u00aeACTION ART EUROPE<\/strong>. Podr\u00e1 visualizar los elementos del portal e incluso imprimirlos, copiarlos y almacenarlos en el disco duro de su ordenador o en cualquier otro soporte f\u00edsico siempre y cuando sea, \u00fanica y exclusivamente, para su uso personal y privado. El USUARIO deber\u00e1 abstenerse de suprimir, alterar, eludir o manipular cualquier dispositivo de protecci\u00f3n o sistema de seguridad que estuviera instalado en las p\u00e1ginas de <strong>\u00aeACTION ART EUROPE<\/strong>.<\/p>\n<h3><strong>EXCLUSI\u00d3N DE GARANT\u00cdAS Y RESPONSABILIDAD<\/strong><\/h3>\n<p><strong>\u00aeACTION ART EUROPE<\/strong>\u00a0no se hace responsable, en ning\u00fan caso, de los da\u00f1os y perjuicios de cualquier naturaleza que pudieran ocasionar, a t\u00edtulo enunciativo: errores u omisiones en los contenidos, falta de disponibilidad del portal o la transmisi\u00f3n de virus o programas maliciosos o lesivos en los contenidos, a pesar de haber adoptado todas las medidas tecnol\u00f3gicas necesarias para evitarlo.<\/p>\n<h3><strong>MODIFICACIONES<\/strong><\/h3>\n<p><strong>\u00aeACTION ART EUROPE<\/strong> se reserva el derecho de efectuar sin previo aviso las modificaciones que considere oportunas en su portal, pudiendo cambiar, suprimir o a\u00f1adir tanto los contenidos y servicios que se presten a trav\u00e9s de la misma como la forma en la que \u00e9stos aparezcan presentados o localizados en su portal.<\/p>\n<h3><strong>ENLACES<\/strong><\/h3>\n<p>En el caso de que en www.actionart.es se dispusiesen enlaces o hiperv\u00ednculos hac\u00eda otros sitios de Internet, <strong>\u00aeACTION ART EUROPE<\/strong> no ejercer\u00e1 ning\u00fan tipo de control sobre dichos sitios y contenidos.<\/p>\n<p>En ning\u00fan caso <strong>\u00aeACTION ART EUROPE<\/strong> asumir\u00e1 responsabilidad alguna por los contenidos de alg\u00fan enlace perteneciente a un sitio web ajeno, ni garantizar\u00e1 la disponibilidad t\u00e9cnica, calidad, fiabilidad, exactitud, amplitud, veracidad, validez y constitucionalidad de cualquier material o informaci\u00f3n contenida en ninguno de dichos hiperv\u00ednculos u otros sitios de Internet. Igualmente, la inclusi\u00f3n de estas conexiones externas no implicar\u00e1 ning\u00fan tipo de asociaci\u00f3n, fusi\u00f3n o participaci\u00f3n con las entidades conectadas.<\/p>\n<h3><strong>GENERALIDADES<\/strong><\/h3>\n<p><strong>\u00aeACTION ART EUROPE<\/strong> como marca registrada, perseguir\u00e1 el incumplimiento de las presentes condiciones, as\u00ed como cualquier utilizaci\u00f3n indebida de su portal ejerciendo todas las acciones civiles y penales que le puedan corresponder en derecho.<\/p>\n<h3><strong>MODIFICACI\u00d3N DE LAS PRESENTES CONDICIONES Y DURACI\u00d3N<\/strong><\/h3>\n<p><strong>\u00aeACTION ART EUROPE<\/strong> podr\u00e1 modificar en cualquier momento las condiciones aqu\u00ed determinadas, siendo debidamente publicadas como aqu\u00ed aparecen. La vigencia de las citadas condiciones ir\u00e1 en funci\u00f3n de su exposici\u00f3n y estar\u00e1n vigentes hasta que sean modificadas por otras debidamente publicadas.<\/p>\n<h3><strong>LEGISLACI\u00d3N APLICABLE Y JURISDICCI\u00d3N<\/strong><\/h3>\n<p>La relaci\u00f3n entre <strong>\u00aeACTION ART EUROPE<\/strong> y el USUARIO se regir\u00e1 por la normativa espa\u00f1ola vigente y cualquier controversia se someter\u00e1 a los Juzgados y tribunales de la ciudad de Barcelona.<\/p>\n<p>Informaci\u00f3n que es recogida<br \/>\nNuestro sitio web podr\u00e1 recoger informaci\u00f3n personal por ejemplo: Nombre, informaci\u00f3n de contacto como su direcci\u00f3n de correo electr\u00f3nica e informaci\u00f3n demogr\u00e1fica. As\u00ed mismo cuando sea necesario podr\u00e1 ser requerida informaci\u00f3n espec\u00edfica para procesar alg\u00fan pedido o realizar una entrega o facturaci\u00f3n.<br \/>\nUso de la informaci\u00f3n recogida<br \/>\nNuestro sitio web emplea la informaci\u00f3n con el fin de proporcionar el mejor servicio posible, particularmente para mantener un registro de usuarios, de pedidos en caso que aplique, y mejorar nuestros productos y servicios.<br \/>\nCookies<br \/>\nUna cookie se refiere a un fichero que es enviado con la finalidad de solicitar permiso para almacenarse en su ordenador, al aceptar dicho fichero se crea y la cookie sirve entonces para tener informaci\u00f3n respecto al tr\u00e1fico web, y tambi\u00e9n facilita las futuras visitas a una web recurrente. Otra funci\u00f3n que tienen las cookies es que con ellas la web pueden reconocerte individualmente y por tanto brindarte el mejor servicio personalizado de su web.<br \/>\nNuestro sitio web emplea las cookies para poder identificar las p\u00e1ginas que son visitadas y su frecuencia. Esta informaci\u00f3n es empleada \u00fanicamente para an\u00e1lisis estad\u00edstico y despu\u00e9s la informaci\u00f3n se elimina de forma permanente. Usted puede aceptar o negar el uso de cookies. Tambi\u00e9n usted puede cambiar la configuraci\u00f3n de su ordenador para declinar las cookies. Si se declinan es posible que no pueda utilizar algunos de nuestros servicios.<\/p>\n","protected":false},"excerpt":{"rendered":"<p>AVISO LEGAL En cumplimiento del art\u00edculo 10 de la Ley 34\/2002, del 11 de julio, de servicios de la Sociedad de la Informaci\u00f3n y Comercio Electr\u00f3nico (LSSICE) se exponen a continuaci\u00f3n los datos identificativos de la empresa: Denominaci\u00f3n social \u00aeACTION ART EUROPE. Titular: Jos\u00e9 L. Parada C. N.I.F. 49287074Y. Domicilio social: C\/. Joan G\u00fcell 184, [&hellip;]<\/p>\n","protected":false},"author":1,"featured_media":0,"parent":0,"menu_order":0,"comment_status":"closed","ping_status":"closed","template":"","meta":{"footnotes":""},"class_list":["post-17","page","type-page","status-publish","hentry"],"_links":{"self":[{"href":"https:\/\/actionart.es\/web2018\/wp-json\/wp\/v2\/pages\/17","targetHints":{"allow":["GET"]}}],"collection":[{"href":"https:\/\/actionart.es\/web2018\/wp-json\/wp\/v2\/pages"}],"about":[{"href":"https:\/\/actionart.es\/web2018\/wp-json\/wp\/v2\/types\/page"}],"author":[{"embeddable":true,"href":"https:\/\/actionart.es\/web2018\/wp-json\/wp\/v2\/users\/1"}],"replies":[{"embeddable":true,"href":"https:\/\/actionart.es\/web2018\/wp-json\/wp\/v2\/comments?post=17"}],"version-history":[{"count":2,"href":"https:\/\/actionart.es\/web2018\/wp-json\/wp\/v2\/pages\/17\/revisions"}],"predecessor-version":[{"id":4341,"href":"https:\/\/actionart.es\/web2018\/wp-json\/wp\/v2\/pages\/17\/revisions\/4341"}],"wp:attachment":[{"href":"https:\/\/actionart.es\/web2018\/wp-json\/wp\/v2\/media?parent=17"}],"curies":[{"name":"wp","href":"https:\/\/api.w.org\/{rel}","templated":true}]}}