{"id":2,"date":"2018-09-10T22:37:43","date_gmt":"2018-09-10T22:37:43","guid":{"rendered":"https:\/\/actionart.es\/web2018\/?page_id=2"},"modified":"2026-01-20T17:21:12","modified_gmt":"2026-01-20T17:21:12","slug":"inicio","status":"publish","type":"page","link":"https:\/\/actionart.es\/web2018\/","title":{"rendered":"Inicio"},"content":{"rendered":"<div id=\"pl-2\"  class=\"panel-layout\" ><div id=\"pg-2-0\"  class=\"panel-grid panel-no-style\" ><div id=\"pgc-2-0-0\"  class=\"panel-grid-cell\" ><div id=\"panel-2-0-0-0\" class=\"so-panel widget widget_sow-editor panel-first-child panel-last-child\" data-index=\"0\" ><div\n\t\t\t\n\t\t\tclass=\"so-widget-sow-editor so-widget-sow-editor-base\"\n\t\t\t\n\t\t>\n<div class=\"siteorigin-widget-tinymce textwidget\">\n\t<h4><span style=\"color: #333333;\"><em>Bienvenidos a la Escuela de Dibujo, Pintura y Aerograf\u00eda Profesional en Barcelona: Action Art Europe.\u00a0 Escuela especializada en la ense\u00f1anza de t\u00e9cnicas de arte figurativa y realista.\u00a0 Ofrecemos talleres, clases y cursos de arte para ni\u00f1os, j\u00f3venes y adultos. Ense\u00f1anza personalizada, atenci\u00f3n individual, horarios flexibles,\u00a0 con m\u00e1s de 26 a\u00f1os de experiencia, somos la \u00fanica Escuela de Espa\u00f1a que ense\u00f1a todas las t\u00e9cnicas de Pintura y Aerograf\u00eda Profesional.<\/em><\/span><\/h4>\n<\/div>\n<\/div><\/div><\/div><\/div><div id=\"pg-2-1\"  class=\"panel-grid panel-no-style\" ><div id=\"pgc-2-1-0\"  class=\"panel-grid-cell\" ><div id=\"panel-2-1-0-0\" class=\"so-panel widget widget_sow-image-grid panel-first-child panel-last-child\" data-index=\"1\" ><div\n\t\t\t\n\t\t\tclass=\"so-widget-sow-image-grid so-widget-sow-image-grid-default-f5c1284c36f3-2\"\n\t\t\t\n\t\t>\t<div\n\t\tclass=\"sow-image-grid-wrapper\"\n\t\t\t\t\t>\n\t\t\t\t\t<div class=\"sow-image-grid-image\">\n\t\t\t\t\t\t\t\t\t<div class=\"image-title\">\n\t\t\t\t\t\tAEROGRAF\u00cdA\t\t\t\t\t<\/div>\n\t\t\t\t\t\t\t\t\t\t\t\t\t<a href=\"https:\/\/actionart.es\/web2018\/aerografia\/\"\n\t\t\t\t\t\t\t\t\t\t\t\t\t\t\t\t\t\ttarget=\"_blank\" \t\t\t\t\t\t\t\t\t\t\t\t\t\t\t\t\t\t\t\t\t\t\t\trel=\"noopener noreferrer\" \t\t\t\t\t\t\t\t\t\t\t>\n\t\t\t\t\t\t\t\t<img loading=\"lazy\" decoding=\"async\" width=\"294\" height=\"300\" src=\"https:\/\/actionart.es\/web2018\/wp-content\/uploads\/2025\/10\/aerografia-294x300.webp\" class=\"sow-image-grid-image_html\" alt=\"\" title=\"AEROGRAF\u00cdA\" srcset=\"https:\/\/actionart.es\/web2018\/wp-content\/uploads\/2025\/10\/aerografia-294x300.webp 294w, https:\/\/actionart.es\/web2018\/wp-content\/uploads\/2025\/10\/aerografia.webp 302w\" sizes=\"auto, (max-width: 294px) 100vw, 294px\" \/>\t\t\t\t\t\t\t\t\t<\/a>\n\t\t\t\t\t\t\t\t\t\t\t<\/div>\n\t\t\t\t\t<div class=\"sow-image-grid-image\">\n\t\t\t\t\t\t\t\t\t<div class=\"image-title\">\n\t\t\t\t\t\tPINTURA\t\t\t\t\t<\/div>\n\t\t\t\t\t\t\t\t\t\t\t\t\t<a href=\"https:\/\/actionart.es\/web2018\/bellas-artes\/\"\n\t\t\t\t\t\t\t\t\t\t\t\t\t\t\t\t\t\ttarget=\"_blank\" \t\t\t\t\t\t\t\t\t\t\t\t\t\t\t\t\t\t\t\t\t\t\t\trel=\"noopener noreferrer\" \t\t\t\t\t\t\t\t\t\t\t>\n\t\t\t\t\t\t\t\t<img loading=\"lazy\" decoding=\"async\" width=\"300\" height=\"300\" src=\"https:\/\/actionart.es\/web2018\/wp-content\/uploads\/2025\/10\/enlace-a-cursos-de-pintura.webp\" class=\"sow-image-grid-image_html\" alt=\"\" title=\"PINTURA\" srcset=\"https:\/\/actionart.es\/web2018\/wp-content\/uploads\/2025\/10\/enlace-a-cursos-de-pintura.webp 300w, https:\/\/actionart.es\/web2018\/wp-content\/uploads\/2025\/10\/enlace-a-cursos-de-pintura-150x150.webp 150w\" sizes=\"auto, (max-width: 300px) 100vw, 300px\" \/>\t\t\t\t\t\t\t\t\t<\/a>\n\t\t\t\t\t\t\t\t\t\t\t<\/div>\n\t\t\t\t\t<div class=\"sow-image-grid-image\">\n\t\t\t\t\t\t\t\t\t<div class=\"image-title\">\n\t\t\t\t\t\tDIBUJO\t\t\t\t\t<\/div>\n\t\t\t\t\t\t\t\t\t\t\t\t\t<a href=\"https:\/\/actionart.es\/web2018\/bellas-artes\/\"\n\t\t\t\t\t\t\t\t\t\t\t\t\t\t\t\t\t\ttarget=\"_blank\" \t\t\t\t\t\t\t\t\t\t\t\t\t\t\t\t\t\t\t\t\t\t\t\trel=\"noopener noreferrer\" \t\t\t\t\t\t\t\t\t\t\t>\n\t\t\t\t\t\t\t\t<img loading=\"lazy\" decoding=\"async\" width=\"300\" height=\"300\" src=\"https:\/\/actionart.es\/web2018\/wp-content\/uploads\/2025\/10\/enlace-a-cursos-de-dibujo-2.webp\" class=\"sow-image-grid-image_html\" alt=\"\" title=\"DIBUJO\" srcset=\"https:\/\/actionart.es\/web2018\/wp-content\/uploads\/2025\/10\/enlace-a-cursos-de-dibujo-2.webp 300w, https:\/\/actionart.es\/web2018\/wp-content\/uploads\/2025\/10\/enlace-a-cursos-de-dibujo-2-150x150.webp 150w\" sizes=\"auto, (max-width: 300px) 100vw, 300px\" \/>\t\t\t\t\t\t\t\t\t<\/a>\n\t\t\t\t\t\t\t\t\t\t\t<\/div>\n\t\t\t\t\t<div class=\"sow-image-grid-image\">\n\t\t\t\t\t\t\t\t\t<div class=\"image-title\">\n\t\t\t\t\t\tARTE PARA NI\u00d1OS\t\t\t\t\t<\/div>\n\t\t\t\t\t\t\t\t\t\t\t\t\t<a href=\"https:\/\/actionart.es\/web2018\/cursos-para-ninos\/\"\n\t\t\t\t\t\t\t\t\t\t\t\t\t\t\t\t\t\ttarget=\"_blank\" \t\t\t\t\t\t\t\t\t\t\t\t\t\t\t\t\t\t\t\t\t\t\t\trel=\"noopener noreferrer\" \t\t\t\t\t\t\t\t\t\t\t>\n\t\t\t\t\t\t\t\t<img loading=\"lazy\" decoding=\"async\" width=\"300\" height=\"300\" src=\"https:\/\/actionart.es\/web2018\/wp-content\/uploads\/2025\/10\/enlace-a-casales-y-arte-para-ninos-2.webp\" class=\"sow-image-grid-image_html\" alt=\"\" title=\"ARTE PARA NI\u00d1OS\" srcset=\"https:\/\/actionart.es\/web2018\/wp-content\/uploads\/2025\/10\/enlace-a-casales-y-arte-para-ninos-2.webp 300w, https:\/\/actionart.es\/web2018\/wp-content\/uploads\/2025\/10\/enlace-a-casales-y-arte-para-ninos-2-150x150.webp 150w\" sizes=\"auto, (max-width: 300px) 100vw, 300px\" \/>\t\t\t\t\t\t\t\t\t<\/a>\n\t\t\t\t\t\t\t\t\t\t\t<\/div>\n\t\t\t\t\t<div class=\"sow-image-grid-image\">\n\t\t\t\t\t\t\t\t\t<div class=\"image-title\">\n\t\t\t\t\t\tCURSOS ESPECIALES\t\t\t\t\t<\/div>\n\t\t\t\t\t\t\t\t\t\t\t\t\t<a href=\"https:\/\/actionart.es\/web2018\/cursos-especiales-2\/\"\n\t\t\t\t\t\t\t\t\t\t\t\t\t\t\t\t\t\ttarget=\"_blank\" \t\t\t\t\t\t\t\t\t\t\t\t\t\t\t\t\t\t\t\t\t\t\t\trel=\"noopener noreferrer\" \t\t\t\t\t\t\t\t\t\t\t>\n\t\t\t\t\t\t\t\t<img loading=\"lazy\" decoding=\"async\" width=\"300\" height=\"300\" src=\"https:\/\/actionart.es\/web2018\/wp-content\/uploads\/2025\/10\/cursos-especiales-300x300.webp\" class=\"sow-image-grid-image_html\" alt=\"\" title=\"CURSOS ESPECIALES\" srcset=\"https:\/\/actionart.es\/web2018\/wp-content\/uploads\/2025\/10\/cursos-especiales-300x300.webp 300w, https:\/\/actionart.es\/web2018\/wp-content\/uploads\/2025\/10\/cursos-especiales-150x150.webp 150w, https:\/\/actionart.es\/web2018\/wp-content\/uploads\/2025\/10\/cursos-especiales.webp 303w\" sizes=\"auto, (max-width: 300px) 100vw, 300px\" \/>\t\t\t\t\t\t\t\t\t<\/a>\n\t\t\t\t\t\t\t\t\t\t\t<\/div>\n\t\t\t\t\t<div class=\"sow-image-grid-image\">\n\t\t\t\t\t\t\t\t\t<div class=\"image-title\">\n\t\t\t\t\t\tQUIENES SOMOS\t\t\t\t\t<\/div>\n\t\t\t\t\t\t\t\t\t\t\t\t\t<a href=\"https:\/\/actionart.es\/web2018\/quienes-somos\/\"\n\t\t\t\t\t\t\t\t\t\t\t\t\t\t\t\t\t\ttarget=\"_blank\" \t\t\t\t\t\t\t\t\t\t\t\t\t\t\t\t\t\t\t\t\t\t\t\trel=\"noopener noreferrer\" \t\t\t\t\t\t\t\t\t\t\t>\n\t\t\t\t\t\t\t\t<img loading=\"lazy\" decoding=\"async\" width=\"300\" height=\"300\" src=\"https:\/\/actionart.es\/web2018\/wp-content\/uploads\/2025\/10\/enlace-a-quienes-somos.webp\" class=\"sow-image-grid-image_html\" alt=\"\" title=\"QUIENES SOMOS\" srcset=\"https:\/\/actionart.es\/web2018\/wp-content\/uploads\/2025\/10\/enlace-a-quienes-somos.webp 300w, https:\/\/actionart.es\/web2018\/wp-content\/uploads\/2025\/10\/enlace-a-quienes-somos-150x150.webp 150w\" sizes=\"auto, (max-width: 300px) 100vw, 300px\" \/>\t\t\t\t\t\t\t\t\t<\/a>\n\t\t\t\t\t\t\t\t\t\t\t<\/div>\n\t\t\t\t\t<div class=\"sow-image-grid-image\">\n\t\t\t\t\t\t\t\t\t<div class=\"image-title\">\n\t\t\t\t\t\tEVENTOS Y PROMOCIONES\t\t\t\t\t<\/div>\n\t\t\t\t\t\t\t\t\t\t\t\t\t<a href=\"https:\/\/actionart.es\/web2018\/eventos-y-promociones\/\"\n\t\t\t\t\t\t\t\t\t\t\t\t\t\t\t\t\t\ttarget=\"_blank\" \t\t\t\t\t\t\t\t\t\t\t\t\t\t\t\t\t\t\t\t\t\t\t\trel=\"noopener noreferrer\" \t\t\t\t\t\t\t\t\t\t\t>\n\t\t\t\t\t\t\t\t<img loading=\"lazy\" decoding=\"async\" width=\"300\" height=\"299\" src=\"https:\/\/actionart.es\/web2018\/wp-content\/uploads\/2025\/10\/eventos-action-art-europe.webp\" class=\"sow-image-grid-image_html\" alt=\"\" title=\"EVENTOS Y PROMOCIONES\" srcset=\"https:\/\/actionart.es\/web2018\/wp-content\/uploads\/2025\/10\/eventos-action-art-europe.webp 301w, https:\/\/actionart.es\/web2018\/wp-content\/uploads\/2025\/10\/eventos-action-art-europe-150x150.webp 150w\" sizes=\"auto, (max-width: 300px) 100vw, 300px\" \/>\t\t\t\t\t\t\t\t\t<\/a>\n\t\t\t\t\t\t\t\t\t\t\t<\/div>\n\t\t\t\t\t<div class=\"sow-image-grid-image\">\n\t\t\t\t\t\t\t\t\t<div class=\"image-title\">\n\t\t\t\t\t\tCONTACTO\t\t\t\t\t<\/div>\n\t\t\t\t\t\t\t\t\t\t\t\t\t<a href=\"https:\/\/actionart.es\/web2018\/contacto\"\n\t\t\t\t\t\t\t\t\t\t\t\t\t\t\t\t\t\ttarget=\"_blank\" \t\t\t\t\t\t\t\t\t\t\t\t\t\t\t\t\t\t\t\t\t\t\t\trel=\"noopener noreferrer\" \t\t\t\t\t\t\t\t\t\t\t>\n\t\t\t\t\t\t\t\t<img loading=\"lazy\" decoding=\"async\" width=\"300\" height=\"300\" src=\"https:\/\/actionart.es\/web2018\/wp-content\/uploads\/2025\/10\/logo-action-art-300x300.webp\" class=\"sow-image-grid-image_html\" alt=\"\" title=\"CONTACTO\" srcset=\"https:\/\/actionart.es\/web2018\/wp-content\/uploads\/2025\/10\/logo-action-art-300x300.webp 300w, https:\/\/actionart.es\/web2018\/wp-content\/uploads\/2025\/10\/logo-action-art-150x150.webp 150w, https:\/\/actionart.es\/web2018\/wp-content\/uploads\/2025\/10\/logo-action-art.webp 304w\" sizes=\"auto, (max-width: 300px) 100vw, 300px\" \/>\t\t\t\t\t\t\t\t\t<\/a>\n\t\t\t\t\t\t\t\t\t\t\t<\/div>\n\t\t\t\t\t<div class=\"sow-image-grid-image\">\n\t\t\t\t\t\t\t\t\t<div class=\"image-title\">\n\t\t\t\t\t\tGALER\u00cdAS\t\t\t\t\t<\/div>\n\t\t\t\t\t\t\t\t\t\t\t\t\t<a href=\"https:\/\/actionart.es\/web2018\/galerias-2\/galeria-bellas-artes\/\"\n\t\t\t\t\t\t\t\t\t\t\t\t\t\t\t\t\t\ttarget=\"_blank\" \t\t\t\t\t\t\t\t\t\t\t\t\t\t\t\t\t\t\t\t\t\t\t\trel=\"noopener noreferrer\" \t\t\t\t\t\t\t\t\t\t\t>\n\t\t\t\t\t\t\t\t<img loading=\"lazy\" decoding=\"async\" width=\"300\" height=\"300\" src=\"https:\/\/actionart.es\/web2018\/wp-content\/uploads\/2025\/12\/enlace-a-galerias-ajustado.webp\" class=\"sow-image-grid-image_html\" alt=\"\" title=\"GALER\u00cdAS\" srcset=\"https:\/\/actionart.es\/web2018\/wp-content\/uploads\/2025\/12\/enlace-a-galerias-ajustado.webp 300w, https:\/\/actionart.es\/web2018\/wp-content\/uploads\/2025\/12\/enlace-a-galerias-ajustado-150x150.webp 150w\" sizes=\"auto, (max-width: 300px) 100vw, 300px\" \/>\t\t\t\t\t\t\t\t\t<\/a>\n\t\t\t\t\t\t\t\t\t\t\t<\/div>\n\t\t\t<\/div>\n<\/div><\/div><\/div><\/div><\/div>","protected":false},"excerpt":{"rendered":"<p>Bienvenidos a la Escuela de Dibujo, Pintura y Aerograf\u00eda Profesional en Barcelona: Action Art Europe.\u00a0 Escuela especializada en la ense\u00f1anza de t\u00e9cnicas de arte figurativa y realista.\u00a0 Ofrecemos talleres, clases y cursos de arte para ni\u00f1os, j\u00f3venes y adultos. Ense\u00f1anza personalizada, atenci\u00f3n individual, horarios flexibles,\u00a0 con m\u00e1s de 26 a\u00f1os de experiencia, somos la \u00fanica [&hellip;]<\/p>\n","protected":false},"author":1,"featured_media":0,"parent":0,"menu_order":0,"comment_status":"closed","ping_status":"closed","template":"","meta":{"footnotes":""},"class_list":["post-2","page","type-page","status-publish","hentry"],"_links":{"self":[{"href":"https:\/\/actionart.es\/web2018\/wp-json\/wp\/v2\/pages\/2","targetHints":{"allow":["GET"]}}],"collection":[{"href":"https:\/\/actionart.es\/web2018\/wp-json\/wp\/v2\/pages"}],"about":[{"href":"https:\/\/actionart.es\/web2018\/wp-json\/wp\/v2\/types\/page"}],"author":[{"embeddable":true,"href":"https:\/\/actionart.es\/web2018\/wp-json\/wp\/v2\/users\/1"}],"replies":[{"embeddable":true,"href":"https:\/\/actionart.es\/web2018\/wp-json\/wp\/v2\/comments?post=2"}],"version-history":[{"count":2,"href":"https:\/\/actionart.es\/web2018\/wp-json\/wp\/v2\/pages\/2\/revisions"}],"predecessor-version":[{"id":2989,"href":"https:\/\/actionart.es\/web2018\/wp-json\/wp\/v2\/pages\/2\/revisions\/2989"}],"wp:attachment":[{"href":"https:\/\/actionart.es\/web2018\/wp-json\/wp\/v2\/media?parent=2"}],"curies":[{"name":"wp","href":"https:\/\/api.w.org\/{rel}","templated":true}]}}